{"id":8,"date":"2025-02-18T21:57:26","date_gmt":"2025-02-18T21:57:26","guid":{"rendered":"https:\/\/wp.anwalt-gransee.de\/?page_id=8"},"modified":"2025-03-02T17:27:36","modified_gmt":"2025-03-02T17:27:36","slug":"gebuehren-kosten","status":"publish","type":"page","link":"https:\/\/wp.anwalt-gransee.de\/?page_id=8","title":{"rendered":"Geb\u00fchren \/ Kosten"},"content":{"rendered":"\n<h2 class=\"wp-block-heading\">Kosten der Rechtsberatung<\/h2>\n\n\n<div class=\"wp-block-image\">\n<figure class=\"alignright\"><img decoding=\"async\" src=\"https:\/\/rechtsanwalt-schlindwein.de\/media\/Besprechungsraum_Gransee_kl.jpg\" alt=\"\"\/><\/figure><\/div>\n\n\n<p>Wir h\u00f6ren uns Ihr Anliegen gerne an und werden dann mit Ihnen besprechen, welche Kosten auf Sie zukommen k\u00f6nnen. Ein erstes Kontaktgespr\u00e4ch k\u00f6nnen Sie kostenfrei mit uns f\u00fchren. F\u00fcr eine erste Beratung in einer durchschnittlichen Sache berechnen wir in der Regel 59,50 \u20ac. L\u00e4sst sich eine Sache eher prompt beantworten, sehen wir auch von Kosten ab. <\/p>\n\n\n\n<p>Wir w\u00fcnschen uns zufriedene Mandanten, die uns weiterempfehlen werden von diesen nicht frei bestimmt. <\/p>\n\n\n\n<p>Die Kosten der Rechtsanw\u00e4lte werden von diesen nicht frei bestimmt. Sie richten sich nach dem<\/p>\n\n\n\n<p><a href=\"https:\/\/www.gesetze-im-internet.de\/rvg\/index.html\">Rechtsanwaltsverg\u00fctungsgesetz (RVG)<\/a><\/p>\n\n\n\n<p><\/p>\n\n\n\n<p><a href=\"https:\/\/www.rechtsanwaltsgebuehren.de\">https:\/\/www.rechtsanwaltsgebuehren.de<\/a><\/p>\n\n\n\n<p><\/p>\n\n\n\n<ul class=\"wp-block-list\">\n<li><\/li>\n<\/ul>\n\n\n\n<p>Wenn Sie rechtsschutzversichert sind, werden wir Ihnen in der Regel sagen k\u00f6nnen, ob Ihre Versicherung die Kosten \u00fcbernimmt. Wir werden f\u00fcr Sie Kostendeckungs- zusage der Versicherung erbitten.<\/p>\n\n\n\n<p>Ist Ihnen durch fremdes Verschulden ein Schaden enstanden (z. B. bei einem Verkehrsunfall), muss der Sch\u00e4diger Ihnen grds. auch die Anwaltskosten ersetzen.<\/p>\n\n\n\n<p>Der folgende Link kann Ihnen einen ungef\u00e4hren \u00dcberblick \u00fcber anfallende Rechtsanwaltskosten (Verfahrenskosten) geben:<\/p>\n\n\n\n<p><a href=\"https:\/\/rechtsanwalt-schlindwein.de\/media\/Beratungshilfe - Antrag.pdf\" target=\"_blank\" rel=\"noreferrer noopener\">Beratungshilfe &#8211; Antrag.pdf<\/a><br><a href=\"https:\/\/rechtsanwalt-schlindwein.de\/media\/Beratungshilfe%20-%20Antrag.pdf\"><\/a><a href=\"https:\/\/rechtsanwalt-schlindwein.de\/media\/Prozesskostenhilfe-Antrag.pdf\" target=\"_blank\" rel=\"noreferrer noopener\">Prozesskostenhilfe-Antrag.pdf<\/a><\/p>\n\n\n\n<p>F\u00fcr Rechtssuchende mit kleinem Einkommen gibt es Beratungshilfe und Prozesskostenhilfe. Wir werden auf die M\u00f6glichkeit hinweisen, wenn dies f\u00fcr Sie in Betracht kommt. Aufgrund ge\u00e4nderter Rechtslage bitten wir um Vorlage eines Beratungshilfescheines vor unserem T\u00e4tigwerden. Beratungshilfescheine erhalten Sie bei dem f\u00fcr Sie \u00f6rtlich zust\u00e4ndigen Amtsgericht. F\u00fcr Gransee, Zehdenick und Umgebung wenden Sie sich bitte an das Amtsgericht Zehdenick: 03307 &#8211; 46670.<\/p>\n\n\n\n<p>Antragsformulare finden Sie hier:<\/p>\n\n\n\n<p><a href=\"https:\/\/rechtsanwalt-schlindwein.de\/media\/Beratungshilfe - Antrag.pdf\" target=\"_blank\" rel=\"noreferrer noopener\">Beratungshilfe &#8211; Antrag.pdf<\/a><br><a href=\"https:\/\/rechtsanwalt-schlindwein.de\/media\/Beratungshilfe%20-%20Antrag.pdf\"><\/a><a href=\"https:\/\/rechtsanwalt-schlindwein.de\/media\/Prozesskostenhilfe-Antrag.pdf\" target=\"_blank\" rel=\"noreferrer noopener\">Prozesskostenhilfe-Antrag.pdf<\/a><\/p>\n\n\n\n<ol class=\"wp-block-list\">\n<li><\/li>\n<\/ol>\n\n\n\n<p>Hinweis: Rechtsbesorgungsvertr\u00e4ge schlie\u00dfen Sie in Gransee ausschlie\u00dflich mit RA Schlindwein ab.<\/p>\n","protected":false},"excerpt":{"rendered":"<p>Kosten der Rechtsberatung Wir h\u00f6ren uns Ihr Anliegen gerne an und werden dann mit Ihnen besprechen, welche Kosten auf Sie zukommen k\u00f6nnen. Ein erstes Kontaktgespr\u00e4ch k\u00f6nnen Sie kostenfrei mit uns f\u00fchren. F\u00fcr eine erste Beratung in einer durchschnittlichen Sache berechnen wir in der Regel 59,50 \u20ac. L\u00e4sst sich eine Sache eher prompt beantworten, sehen wir&hellip; <a href=\"https:\/\/wp.anwalt-gransee.de\/?page_id=8\" class=\"more-link\">Weiterlesen <span class=\"screen-reader-text\">Geb\u00fchren \/ Kosten<\/span><\/a><\/p>\n","protected":false},"author":1,"featured_media":0,"parent":0,"menu_order":0,"comment_status":"closed","ping_status":"closed","template":"","meta":{"footnotes":""},"class_list":["post-8","page","type-page","status-publish","hentry","without-featured-image"],"_links":{"self":[{"href":"https:\/\/wp.anwalt-gransee.de\/index.php?rest_route=\/wp\/v2\/pages\/8","targetHints":{"allow":["GET"]}}],"collection":[{"href":"https:\/\/wp.anwalt-gransee.de\/index.php?rest_route=\/wp\/v2\/pages"}],"about":[{"href":"https:\/\/wp.anwalt-gransee.de\/index.php?rest_route=\/wp\/v2\/types\/page"}],"author":[{"embeddable":true,"href":"https:\/\/wp.anwalt-gransee.de\/index.php?rest_route=\/wp\/v2\/users\/1"}],"replies":[{"embeddable":true,"href":"https:\/\/wp.anwalt-gransee.de\/index.php?rest_route=%2Fwp%2Fv2%2Fcomments&post=8"}],"version-history":[{"count":14,"href":"https:\/\/wp.anwalt-gransee.de\/index.php?rest_route=\/wp\/v2\/pages\/8\/revisions"}],"predecessor-version":[{"id":168,"href":"https:\/\/wp.anwalt-gransee.de\/index.php?rest_route=\/wp\/v2\/pages\/8\/revisions\/168"}],"wp:attachment":[{"href":"https:\/\/wp.anwalt-gransee.de\/index.php?rest_route=%2Fwp%2Fv2%2Fmedia&parent=8"}],"curies":[{"name":"wp","href":"https:\/\/api.w.org\/{rel}","templated":true}]}}